{"id":47,"date":"2022-10-15T11:45:08","date_gmt":"2022-10-15T11:45:08","guid":{"rendered":"https:\/\/malgorpr.com\/malgorpr\/?page_id=47"},"modified":"2022-11-07T16:10:20","modified_gmt":"2022-11-07T16:10:20","slug":"nuestra-historia","status":"publish","type":"page","link":"https:\/\/malgorpr.com\/en\/nuestra-historia\/","title":{"rendered":"Our History"},"content":{"rendered":"<div data-elementor-type=\"wp-page\" data-elementor-id=\"47\" class=\"elementor elementor-47\" data-elementor-settings=\"{&quot;ha_cmc_init_switcher&quot;:&quot;no&quot;}\">\n\t\t\t\t\t\t<section class=\"elementor-section elementor-top-section elementor-element elementor-element-b5a0c0d elementor-section-boxed elementor-section-height-default elementor-section-height-default\" data-id=\"b5a0c0d\" data-element_type=\"section\" data-settings=\"{&quot;jet_parallax_layout_list&quot;:[],&quot;_ha_eqh_enable&quot;:false}\">\n\t\t\t\t\t\t<div class=\"elementor-container elementor-column-gap-default\">\n\t\t\t\t\t<div class=\"elementor-column elementor-col-100 elementor-top-column elementor-element elementor-element-d2c7018\" data-id=\"d2c7018\" data-element_type=\"column\">\n\t\t\t<div class=\"elementor-widget-wrap elementor-element-populated\">\n\t\t\t\t\t\t<div class=\"elementor-element elementor-element-2540bbc elementor-widget elementor-widget-heading\" data-id=\"2540bbc\" data-element_type=\"widget\" data-widget_type=\"heading.default\">\n\t\t\t\t<div class=\"elementor-widget-container\">\n\t\t\t\t\t<h2 class=\"elementor-heading-title elementor-size-default\">Our History<\/h2>\t\t\t\t<\/div>\n\t\t\t\t<\/div>\n\t\t\t\t<section class=\"elementor-section elementor-inner-section elementor-element elementor-element-8dc207d elementor-section-boxed elementor-section-height-default elementor-section-height-default\" data-id=\"8dc207d\" data-element_type=\"section\" data-settings=\"{&quot;jet_parallax_layout_list&quot;:[],&quot;_ha_eqh_enable&quot;:false}\">\n\t\t\t\t\t\t<div class=\"elementor-container elementor-column-gap-default\">\n\t\t\t\t\t<div class=\"elementor-column elementor-col-50 elementor-inner-column elementor-element elementor-element-38f8d1f\" data-id=\"38f8d1f\" data-element_type=\"column\">\n\t\t\t<div class=\"elementor-widget-wrap elementor-element-populated\">\n\t\t\t\t\t\t<div class=\"elementor-element elementor-element-8e9807a elementor-invisible elementor-widget elementor-widget-image\" data-id=\"8e9807a\" data-element_type=\"widget\" data-settings=\"{&quot;_animation&quot;:&quot;fadeInLeft&quot;}\" data-widget_type=\"image.default\">\n\t\t\t\t<div class=\"elementor-widget-container\">\n\t\t\t\t\t\t\t\t\t\t\t\t\t\t\t<img decoding=\"async\" src=\"https:\/\/malgorpr.com\/wp-content\/uploads\/2022\/10\/historia-1.jpg\" title=\"historia-1\" alt=\"Hombre revisa una caja - Historia\" loading=\"lazy\" \/>\t\t\t\t\t\t\t\t\t\t\t\t\t\t\t<\/div>\n\t\t\t\t<\/div>\n\t\t\t\t\t<\/div>\n\t\t<\/div>\n\t\t\t\t<div class=\"elementor-column elementor-col-50 elementor-inner-column elementor-element elementor-element-94e2725\" data-id=\"94e2725\" data-element_type=\"column\">\n\t\t\t<div class=\"elementor-widget-wrap elementor-element-populated\">\n\t\t\t\t\t\t<div class=\"elementor-element elementor-element-0b92b6d elementor-invisible elementor-widget elementor-widget-text-editor\" data-id=\"0b92b6d\" data-element_type=\"widget\" data-settings=\"{&quot;_animation&quot;:&quot;fadeInRight&quot;}\" data-widget_type=\"text-editor.default\">\n\t\t\t\t<div class=\"elementor-widget-container\">\n\t\t\t\t\t\t\t\t\t<p>Malgor &amp; Co., Inc. was officially founded on July 1, 1926 in the city of San Juan, Puerto Rico in what we now know as Old San Juan. The founders of the firm, all with equal participation, were: Antonio Malgor M\u00e9ndez, Antonio M\u00e9ndez Malgor and Salvador Font Crespo. Both Antonio Malgor M\u00e9ndez and Antonio M\u00e9ndez Malgor were family and immigrants from Asturias, a province in northern Spain.<\/p>\t\t\t\t\t\t\t\t<\/div>\n\t\t\t\t<\/div>\n\t\t\t\t\t<\/div>\n\t\t<\/div>\n\t\t\t\t\t<\/div>\n\t\t<\/section>\n\t\t\t\t\t<\/div>\n\t\t<\/div>\n\t\t\t\t\t<\/div>\n\t\t<\/section>\n\t\t\t\t<section class=\"elementor-section elementor-top-section elementor-element elementor-element-c9cd0b6 elementor-reverse-mobile elementor-section-boxed elementor-section-height-default elementor-section-height-default\" data-id=\"c9cd0b6\" data-element_type=\"section\" data-settings=\"{&quot;jet_parallax_layout_list&quot;:[],&quot;background_background&quot;:&quot;classic&quot;,&quot;_ha_eqh_enable&quot;:false}\">\n\t\t\t\t\t\t<div class=\"elementor-container elementor-column-gap-default\">\n\t\t\t\t\t<div class=\"elementor-column elementor-col-50 elementor-top-column elementor-element elementor-element-366da1e\" data-id=\"366da1e\" data-element_type=\"column\" data-settings=\"{&quot;background_background&quot;:&quot;classic&quot;}\">\n\t\t\t<div class=\"elementor-widget-wrap elementor-element-populated\">\n\t\t\t\t\t\t<div class=\"elementor-element elementor-element-d917892 elementor-invisible elementor-widget elementor-widget-text-editor\" data-id=\"d917892\" data-element_type=\"widget\" data-settings=\"{&quot;_animation&quot;:&quot;fadeInLeft&quot;}\" data-widget_type=\"text-editor.default\">\n\t\t\t\t<div class=\"elementor-widget-container\">\n\t\t\t\t\t\t\t\t\t<p>Among the main products that Malgor began working on at the time of its foundation were: rice, bacon, butter, flour, garlic, onion, potatoes, sugar and grains. All these sales were worked wholesale only. These products came from both national origin and imported from countries such as the United States, Spain and Canada, among others. The main characteristic of the company is that all merchandise that was purchased had to be marked with the name \u201cMalgor\u201d.<\/p>\t\t\t\t\t\t\t\t<\/div>\n\t\t\t\t<\/div>\n\t\t\t\t\t<\/div>\n\t\t<\/div>\n\t\t\t\t<div class=\"elementor-column elementor-col-50 elementor-top-column elementor-element elementor-element-7516c46\" data-id=\"7516c46\" data-element_type=\"column\">\n\t\t\t<div class=\"elementor-widget-wrap elementor-element-populated\">\n\t\t\t\t\t\t<div class=\"elementor-element elementor-element-d5f5d32 elementor-invisible elementor-widget elementor-widget-image\" data-id=\"d5f5d32\" data-element_type=\"widget\" data-settings=\"{&quot;_animation&quot;:&quot;fadeInRight&quot;}\" data-widget_type=\"image.default\">\n\t\t\t\t<div class=\"elementor-widget-container\">\n\t\t\t\t\t\t\t\t\t\t\t\t\t\t\t<img decoding=\"async\" src=\"https:\/\/malgorpr.com\/wp-content\/uploads\/2022\/10\/historia-2.jpg\" title=\"historia-2\" alt=\"maquina de latas - historia\" loading=\"lazy\" \/>\t\t\t\t\t\t\t\t\t\t\t\t\t\t\t<\/div>\n\t\t\t\t<\/div>\n\t\t\t\t\t<\/div>\n\t\t<\/div>\n\t\t\t\t\t<\/div>\n\t\t<\/section>\n\t\t\t\t<section class=\"elementor-section elementor-top-section elementor-element elementor-element-cb6cec5 elementor-section-boxed elementor-section-height-default elementor-section-height-default\" data-id=\"cb6cec5\" data-element_type=\"section\" data-settings=\"{&quot;jet_parallax_layout_list&quot;:[],&quot;background_background&quot;:&quot;classic&quot;,&quot;_ha_eqh_enable&quot;:false}\">\n\t\t\t\t\t\t<div class=\"elementor-container elementor-column-gap-default\">\n\t\t\t\t\t<div class=\"elementor-column elementor-col-50 elementor-top-column elementor-element elementor-element-344945e\" data-id=\"344945e\" data-element_type=\"column\">\n\t\t\t<div class=\"elementor-widget-wrap elementor-element-populated\">\n\t\t\t\t\t\t<div class=\"elementor-element elementor-element-94fd9a5 elementor-invisible elementor-widget elementor-widget-image\" data-id=\"94fd9a5\" data-element_type=\"widget\" data-settings=\"{&quot;_animation&quot;:&quot;fadeInLeft&quot;}\" data-widget_type=\"image.default\">\n\t\t\t\t<div class=\"elementor-widget-container\">\n\t\t\t\t\t\t\t\t\t\t\t\t\t\t\t<img decoding=\"async\" src=\"https:\/\/malgorpr.com\/wp-content\/uploads\/2022\/10\/historia-3.jpg\" title=\"historia-3\" alt=\"montacargas - historia\" loading=\"lazy\" \/>\t\t\t\t\t\t\t\t\t\t\t\t\t\t\t<\/div>\n\t\t\t\t<\/div>\n\t\t\t\t\t<\/div>\n\t\t<\/div>\n\t\t\t\t<div class=\"elementor-column elementor-col-50 elementor-top-column elementor-element elementor-element-4891ee0\" data-id=\"4891ee0\" data-element_type=\"column\" data-settings=\"{&quot;background_background&quot;:&quot;classic&quot;}\">\n\t\t\t<div class=\"elementor-widget-wrap elementor-element-populated\">\n\t\t\t\t\t\t<div class=\"elementor-element elementor-element-8ad7ce1 elementor-invisible elementor-widget elementor-widget-text-editor\" data-id=\"8ad7ce1\" data-element_type=\"widget\" data-settings=\"{&quot;_animation&quot;:&quot;fadeInRight&quot;}\" data-widget_type=\"text-editor.default\">\n\t\t\t\t<div class=\"elementor-widget-container\">\n\t\t\t\t\t\t\t\t\t<p>As time passed, the founders saw a much bigger future in the manufacturing field, which is why they began to bottle Spanish olive oil under the \u201cCanario\u201d brand. Later, this would represent the main brand of the company. Manufacturing activities increased in importance as Malgor decided to bottle the olive oil under the \u201cCampana\u201d brand. Later, the partners made the decision to expand their manufacturing lines and began to produce wine, also under the \u201cCanario\u201d brand. Jos\u00e9 Garc\u00eda Malgor joined the company as a partner in 1943; He was also part of the family of Antonio Malgor and Antonio M\u00e9ndez.<\/p>\t\t\t\t\t\t\t\t<\/div>\n\t\t\t\t<\/div>\n\t\t\t\t\t<\/div>\n\t\t<\/div>\n\t\t\t\t\t<\/div>\n\t\t<\/section>\n\t\t\t\t<section class=\"elementor-section elementor-top-section elementor-element elementor-element-64cba04 elementor-section-boxed elementor-section-height-default elementor-section-height-default\" data-id=\"64cba04\" data-element_type=\"section\" data-settings=\"{&quot;jet_parallax_layout_list&quot;:[],&quot;background_background&quot;:&quot;classic&quot;,&quot;_ha_eqh_enable&quot;:false}\">\n\t\t\t\t\t\t<div class=\"elementor-container elementor-column-gap-default\">\n\t\t\t\t\t<div class=\"elementor-column elementor-col-50 elementor-top-column elementor-element elementor-element-d4f7449\" data-id=\"d4f7449\" data-element_type=\"column\">\n\t\t\t<div class=\"elementor-widget-wrap elementor-element-populated\">\n\t\t\t\t\t\t<div class=\"elementor-element elementor-element-53d006a elementor-invisible elementor-widget elementor-widget-text-editor\" data-id=\"53d006a\" data-element_type=\"widget\" data-settings=\"{&quot;_animation&quot;:&quot;fadeInLeft&quot;}\" data-widget_type=\"text-editor.default\">\n\t\t\t\t<div class=\"elementor-widget-container\">\n\t\t\t\t\t\t\t\t\t<p>Malgor continued its growth to the point where its facilities hampered its rapid development. In 1949, the company moved to another building located opposite Pier 3, whose previous tenant had been the Bacardi distillery. Soon after, Malgor started the olive and caper packaging operation and created the product known worldwide as \u201cAlcaparrado\u201d (a mixture of olives, capers and red peppers), all under the \u201cCanario\u201d brand. On the other hand, and as a complement to the production and bottling of wines, Malgor began to bottle other alcoholic beverages. More specifically, it began to produce different types of liqueurs such as An\u00eds Canario, Gin Tres Castillos and the well-known An\u00eds Escarchado Tres Castillos, the latter being a liquor especially mentioned in several critical books as one of the outstanding anisets and that, for many years, It was produced in very limited quantities for the exclusive consumption of family members and close friends.<\/p>\t\t\t\t\t\t\t\t<\/div>\n\t\t\t\t<\/div>\n\t\t\t\t\t<\/div>\n\t\t<\/div>\n\t\t\t\t<div class=\"elementor-column elementor-col-50 elementor-top-column elementor-element elementor-element-f97f591\" data-id=\"f97f591\" data-element_type=\"column\">\n\t\t\t<div class=\"elementor-widget-wrap elementor-element-populated\">\n\t\t\t\t\t\t<div class=\"elementor-element elementor-element-eb75136 elementor-invisible elementor-widget elementor-widget-text-editor\" data-id=\"eb75136\" data-element_type=\"widget\" data-settings=\"{&quot;_animation&quot;:&quot;fadeInLeft&quot;}\" data-widget_type=\"text-editor.default\">\n\t\t\t\t<div class=\"elementor-widget-container\">\n\t\t\t\t\t\t\t\t\t<p class=\"text-justify\">The building, which has an area of \u200b\u200b160,000 square feet, has an excellent location near the port of San Juan, which is the main port of Puerto Rico. In addition, the building has easy access to the main roads, which allows good transport to reach the entire island. The Canarian line continues to grow and today has products such as: Creole adobo, peppers, a variety of canned meat and many others. Other well-known brands created over the years are Maizete corn oil and the Gitana seasoning line.<\/p><p class=\"text-justify\">Having an extensive infrastructure allowed them to quickly introduce new products to the company. Malgor also increased its representations with recognized brands that are not owned by the company. The combination of these factors contributed to the rapid growth in sales, making Malgor &amp; Co., Inc. one of the largest distributors on the Island.<\/p>\t\t\t\t\t\t\t\t<\/div>\n\t\t\t\t<\/div>\n\t\t\t\t\t<\/div>\n\t\t<\/div>\n\t\t\t\t\t<\/div>\n\t\t<\/section>\n\t\t\t\t<\/div>","protected":false},"excerpt":{"rendered":"<p>Nuestra Historia Malgor &amp; Co., Inc. fue oficialmente fundada el 1 de julio de 1926 en la ciudad de San Juan, Puerto Rico. De hecho, comenz\u00f3 operaciones en lo que hoy conocemos como el Viejo San Juan. Los fundadores de la firma, todos con igualdad de participaci\u00f3n, fueron: Antonio Malgor M\u00e9ndez, Antonio M\u00e9ndez Malgor y [&hellip;]<\/p>","protected":false},"author":1,"featured_media":0,"parent":0,"menu_order":0,"comment_status":"closed","ping_status":"closed","template":"elementor_header_footer","meta":{"_joinchat":[],"footnotes":""},"class_list":["post-47","page","type-page","status-publish","hentry"],"yoast_head":"<!-- This site is optimized with the Yoast SEO plugin v24.6 - https:\/\/yoast.com\/wordpress\/plugins\/seo\/ -->\n<title>Nuestra Historia - Malgor &amp; Co., Inc.<\/title>\n<meta name=\"robots\" content=\"index, follow, max-snippet:-1, max-image-preview:large, max-video-preview:-1\" \/>\n<link rel=\"canonical\" href=\"https:\/\/malgorpr.com\/en\/nuestra-historia\/\" \/>\n<meta property=\"og:locale\" content=\"en_US\" \/>\n<meta property=\"og:type\" content=\"article\" \/>\n<meta property=\"og:title\" content=\"Nuestra Historia - Malgor &amp; Co., Inc.\" \/>\n<meta property=\"og:description\" content=\"Nuestra Historia Malgor &amp; Co., Inc. fue oficialmente fundada el 1 de julio de 1926 en la ciudad de San Juan, Puerto Rico. De hecho, comenz\u00f3 operaciones en lo que hoy conocemos como el Viejo San Juan. Los fundadores de la firma, todos con igualdad de participaci\u00f3n, fueron: Antonio Malgor M\u00e9ndez, Antonio M\u00e9ndez Malgor y [&hellip;]\" \/>\n<meta property=\"og:url\" content=\"https:\/\/malgorpr.com\/en\/nuestra-historia\/\" \/>\n<meta property=\"og:site_name\" content=\"Malgor &amp; Co., Inc.\" \/>\n<meta property=\"article:modified_time\" content=\"2022-11-07T16:10:20+00:00\" \/>\n<meta property=\"og:image\" content=\"https:\/\/malgorpr.com\/malgorpr\/wp-content\/uploads\/2022\/10\/historia-1.jpg\" \/>\n<meta name=\"twitter:card\" content=\"summary_large_image\" \/>\n<meta name=\"twitter:label1\" content=\"Est. reading time\" \/>\n\t<meta name=\"twitter:data1\" content=\"4 minutes\" \/>\n<script type=\"application\/ld+json\" class=\"yoast-schema-graph\">{\"@context\":\"https:\/\/schema.org\",\"@graph\":[{\"@type\":\"WebPage\",\"@id\":\"https:\/\/malgorpr.com\/nuestra-historia\/\",\"url\":\"https:\/\/malgorpr.com\/nuestra-historia\/\",\"name\":\"Nuestra Historia - Malgor &amp; Co., Inc.\",\"isPartOf\":{\"@id\":\"https:\/\/malgorpr.com\/#website\"},\"primaryImageOfPage\":{\"@id\":\"https:\/\/malgorpr.com\/nuestra-historia\/#primaryimage\"},\"image\":{\"@id\":\"https:\/\/malgorpr.com\/nuestra-historia\/#primaryimage\"},\"thumbnailUrl\":\"https:\/\/malgorpr.com\/malgorpr\/wp-content\/uploads\/2022\/10\/historia-1.jpg\",\"datePublished\":\"2022-10-15T11:45:08+00:00\",\"dateModified\":\"2022-11-07T16:10:20+00:00\",\"breadcrumb\":{\"@id\":\"https:\/\/malgorpr.com\/nuestra-historia\/#breadcrumb\"},\"inLanguage\":\"en-US\",\"potentialAction\":[{\"@type\":\"ReadAction\",\"target\":[\"https:\/\/malgorpr.com\/nuestra-historia\/\"]}]},{\"@type\":\"ImageObject\",\"inLanguage\":\"en-US\",\"@id\":\"https:\/\/malgorpr.com\/nuestra-historia\/#primaryimage\",\"url\":\"https:\/\/malgorpr.com\/malgorpr\/wp-content\/uploads\/2022\/10\/historia-1.jpg\",\"contentUrl\":\"https:\/\/malgorpr.com\/malgorpr\/wp-content\/uploads\/2022\/10\/historia-1.jpg\"},{\"@type\":\"BreadcrumbList\",\"@id\":\"https:\/\/malgorpr.com\/nuestra-historia\/#breadcrumb\",\"itemListElement\":[{\"@type\":\"ListItem\",\"position\":1,\"name\":\"Home\",\"item\":\"https:\/\/malgorpr.com\/\"},{\"@type\":\"ListItem\",\"position\":2,\"name\":\"Nuestra Historia\"}]},{\"@type\":\"WebSite\",\"@id\":\"https:\/\/malgorpr.com\/#website\",\"url\":\"https:\/\/malgorpr.com\/\",\"name\":\"Malgor &amp; Co., Inc.\",\"description\":\"\",\"potentialAction\":[{\"@type\":\"SearchAction\",\"target\":{\"@type\":\"EntryPoint\",\"urlTemplate\":\"https:\/\/malgorpr.com\/?s={search_term_string}\"},\"query-input\":{\"@type\":\"PropertyValueSpecification\",\"valueRequired\":true,\"valueName\":\"search_term_string\"}}],\"inLanguage\":\"en-US\"}]}<\/script>\n<!-- \/ Yoast SEO plugin. -->","yoast_head_json":{"title":"Nuestra Historia - Malgor &amp; Co., Inc.","robots":{"index":"index","follow":"follow","max-snippet":"max-snippet:-1","max-image-preview":"max-image-preview:large","max-video-preview":"max-video-preview:-1"},"canonical":"https:\/\/malgorpr.com\/en\/nuestra-historia\/","og_locale":"en_US","og_type":"article","og_title":"Nuestra Historia - Malgor &amp; Co., Inc.","og_description":"Nuestra Historia Malgor &amp; Co., Inc. fue oficialmente fundada el 1 de julio de 1926 en la ciudad de San Juan, Puerto Rico. De hecho, comenz\u00f3 operaciones en lo que hoy conocemos como el Viejo San Juan. Los fundadores de la firma, todos con igualdad de participaci\u00f3n, fueron: Antonio Malgor M\u00e9ndez, Antonio M\u00e9ndez Malgor y [&hellip;]","og_url":"https:\/\/malgorpr.com\/en\/nuestra-historia\/","og_site_name":"Malgor &amp; Co., Inc.","article_modified_time":"2022-11-07T16:10:20+00:00","og_image":[{"url":"https:\/\/malgorpr.com\/malgorpr\/wp-content\/uploads\/2022\/10\/historia-1.jpg","type":"","width":"","height":""}],"twitter_card":"summary_large_image","twitter_misc":{"Est. reading time":"4 minutes"},"schema":{"@context":"https:\/\/schema.org","@graph":[{"@type":"WebPage","@id":"https:\/\/malgorpr.com\/nuestra-historia\/","url":"https:\/\/malgorpr.com\/nuestra-historia\/","name":"Nuestra Historia - Malgor &amp; Co., Inc.","isPartOf":{"@id":"https:\/\/malgorpr.com\/#website"},"primaryImageOfPage":{"@id":"https:\/\/malgorpr.com\/nuestra-historia\/#primaryimage"},"image":{"@id":"https:\/\/malgorpr.com\/nuestra-historia\/#primaryimage"},"thumbnailUrl":"https:\/\/malgorpr.com\/malgorpr\/wp-content\/uploads\/2022\/10\/historia-1.jpg","datePublished":"2022-10-15T11:45:08+00:00","dateModified":"2022-11-07T16:10:20+00:00","breadcrumb":{"@id":"https:\/\/malgorpr.com\/nuestra-historia\/#breadcrumb"},"inLanguage":"en-US","potentialAction":[{"@type":"ReadAction","target":["https:\/\/malgorpr.com\/nuestra-historia\/"]}]},{"@type":"ImageObject","inLanguage":"en-US","@id":"https:\/\/malgorpr.com\/nuestra-historia\/#primaryimage","url":"https:\/\/malgorpr.com\/malgorpr\/wp-content\/uploads\/2022\/10\/historia-1.jpg","contentUrl":"https:\/\/malgorpr.com\/malgorpr\/wp-content\/uploads\/2022\/10\/historia-1.jpg"},{"@type":"BreadcrumbList","@id":"https:\/\/malgorpr.com\/nuestra-historia\/#breadcrumb","itemListElement":[{"@type":"ListItem","position":1,"name":"Home","item":"https:\/\/malgorpr.com\/"},{"@type":"ListItem","position":2,"name":"Nuestra Historia"}]},{"@type":"WebSite","@id":"https:\/\/malgorpr.com\/#website","url":"https:\/\/malgorpr.com\/","name":"Malgor &amp; Co., Inc.","description":"","potentialAction":[{"@type":"SearchAction","target":{"@type":"EntryPoint","urlTemplate":"https:\/\/malgorpr.com\/?s={search_term_string}"},"query-input":{"@type":"PropertyValueSpecification","valueRequired":true,"valueName":"search_term_string"}}],"inLanguage":"en-US"}]}},"_links":{"self":[{"href":"https:\/\/malgorpr.com\/en\/wp-json\/wp\/v2\/pages\/47","targetHints":{"allow":["GET"]}}],"collection":[{"href":"https:\/\/malgorpr.com\/en\/wp-json\/wp\/v2\/pages"}],"about":[{"href":"https:\/\/malgorpr.com\/en\/wp-json\/wp\/v2\/types\/page"}],"author":[{"embeddable":true,"href":"https:\/\/malgorpr.com\/en\/wp-json\/wp\/v2\/users\/1"}],"replies":[{"embeddable":true,"href":"https:\/\/malgorpr.com\/en\/wp-json\/wp\/v2\/comments?post=47"}],"version-history":[{"count":5,"href":"https:\/\/malgorpr.com\/en\/wp-json\/wp\/v2\/pages\/47\/revisions"}],"predecessor-version":[{"id":460,"href":"https:\/\/malgorpr.com\/en\/wp-json\/wp\/v2\/pages\/47\/revisions\/460"}],"wp:attachment":[{"href":"https:\/\/malgorpr.com\/en\/wp-json\/wp\/v2\/media?parent=47"}],"curies":[{"name":"wp","href":"https:\/\/api.w.org\/{rel}","templated":true}]}}